{"id":665,"date":"2018-05-06T21:39:14","date_gmt":"2018-05-06T19:39:14","guid":{"rendered":"http:\/\/www.chrandies.de\/tc\/?page_id=665"},"modified":"2018-05-23T19:36:19","modified_gmt":"2018-05-23T17:36:19","slug":"datenschutz","status":"publish","type":"page","link":"https:\/\/www.chrandies.de\/tc\/datenschutz\/","title":{"rendered":"Datenschutz"},"content":{"rendered":"<p>[et_pb_section bb_built=&#8220;1&#8243;][et_pb_row][et_pb_column type=&#8220;4_4&#8243;][et_pb_text _builder_version=&#8220;3.0.101&#8243; background_layout=&#8220;light&#8220;]<\/p>\n<div class=\"entry-content\">\n<h1>Datenschutz<\/h1>\n<p><strong>Geltungsbereich<\/strong><br \/>\nNutzer erhalten mit dieser Datenschutzerkl\u00e4rung Informationen \u00fcber die Art, den Umfang und Zweck der Erhebung und Verwendung ihrer Daten auf dieser Website.<br \/>\nDen rechtlichen Rahmen f\u00fcr den Datenschutz bilden das Bundesdatenschutzgesetz (BDSG) und das Telemediengesetz (TMG). Der Websitebetreiber nimmt Ihren Datenschutz sehr ernst und behandelt personenbezogenen Daten vertraulich und entsprechend der gesetzlichen Vorschriften. Bedenken Sie, dass die Daten\u00fcbertragung im Internet grunds\u00e4tzlich mit Sicherheitsl\u00fccken behaftet sein kann. Ein vollumf\u00e4nglicher Schutz vor dem Zugriff durch Fremde ist nicht realisierbar.<\/p>\n<p><strong>Erfassung allgemeiner Informationen<\/strong><br \/>\nMit jedem Zugriff auf dieses Angebot werden durch uns bzw. den Webspace-Provider automatisch Informationen erfasst. Diese Informationen, auch als Server-Logfiles bezeichnet, sind allgemeiner Natur und erlauben keine R\u00fcckschl\u00fcsse auf Ihre Person.<br \/>\nErfasst werden unter anderem: Name der Webseite, Datei, Datum, Datenmenge, Webbrowser und Webbrowser-Version, Betriebssystem, der Domainname Ihres Internet-Providers, die sogenannte Referrer-URL (jene Seite, von der aus Sie auf unser Angebot zugegriffen haben) und die IP-Adresse.<br \/>\nOhne diese Daten w\u00e4re es technisch teils nicht m\u00f6glich, die Inhalte der Webseite auszuliefern und darzustellen. Insofern ist die Erfassung der Daten zwingend notwendig. Dar\u00fcber hinaus verwenden wir die anonymen Informationen f\u00fcr statistische Zwecke. Sie helfen uns bei der Optimierung des Angebots und der Technik. Wir behalten uns zudem das Recht vor, die Log-Files bei Verdacht auf eine rechtswidrige Nutzung unseres Angebotes nachtr\u00e4glich zu kontrollieren.<\/p>\n<p>Die Nutzung unserer Webseite ist in der Regel ohne Angabe personenbezogener Daten m\u00f6glich. Soweit auf unseren Seiten personenbezogene Daten (z.B. Name, E-Mail-Adresse) erhoben werden, erfolgt dies, soweit m\u00f6glich, stets auf freiwilliger Basis. Diese Daten werden ohne Ihre ausdr\u00fcckliche Zustimmung nicht an Dritte weitergegeben. Wir weisen darauf hin, dass die Daten\u00fcbertragung im Internet (z.B. per E-Mail, Kontaktformular) Sicherheitsl\u00fccken aufweisen kann. Ein komplett l\u00fcckenloser Schutz der Daten vor dem Zugriff durch Dritte ist somit nicht m\u00f6glich.<\/p>\n<p><strong>Kontaktformular, E-Mail<\/strong><br \/>\nWenn Sie uns \u00fcber das Online-Kontaktformular oder per E-Mail kontaktieren, speichern wir die von Ihnen freiwillig gemachten Angaben nur, um Ihre Anfrage beantworten und m\u00f6glichen Folgeschriftverkehr f\u00fchren zu k\u00f6nnen.<\/p>\n<p>Wir weisen Sie darauf hin, dass Nachrichten, die Sie von unserer Webseite aus per Kontaktformular oder E-Mail senden, unverschl\u00fcssel an uns geleitet werden. Bitte beachten Sie, dass diese unter Umst\u00e4nden beim Transport durch das weltweite Internet von Dritten gelesen, eventuell sogar verf\u00e4lscht werden k\u00f6nnen.<\/p>\n<p><strong>Datensparsamkeit<\/strong><br \/>\nPersonenbezogene Daten speichern wir gem\u00e4\u00df den Grunds\u00e4tzen der Datenvermeidung und Datensparsamkeit nur so lange, wie es erforderlich ist oder vom Gesetzgeber her vorgeschrieben wird (gesetzliche Speicherfrist). Entf\u00e4llt der Zweck der erhobenen Informationen oder endet die Speicherfrist, sperren oder l\u00f6schen wir die Daten.<\/p>\n<p><strong>Ihre Rechte auf Auskunft, Berichtigung, Sperre, L\u00f6schung und Widerspruch<\/strong><br \/>\nSie haben das Recht, auf Antrag unentgeltlich eine Auskunft, \u00fcber die bei uns gespeicherten personenbezogenen Daten, anzufordern und\/oder eine Berichtigung, Sperrung oder L\u00f6schung zu verlangen. Ausnahmen: Es handelt sich um die vorgeschriebene Datenspeicherung zur Gesch\u00e4ftsabwicklung oder die Daten unterliegen der gesetzlichen Aufbewahrungspflicht. F\u00fcr diese Zwecke kontaktieren Sie uns bitte \u00fcber unser Kontaktformular. Besteht keine gesetzliche Archivierungspflicht, k\u00f6nnen Sie die L\u00f6schung der Daten verlangen. Anderenfalls sperren wir die Daten, sofern Sie dies w\u00fcnschen<strong>.<\/strong><\/p>\n<p><strong>Links zu anderen Websites<\/strong><br \/>\nUnsere Internetseite kann externe Links zu anderen Websites enthalten. Wir haben keinen Einfluss darauf, ob diese Websites die Datenschutzbestimmungen einhalten. Wir \u00fcbernehmen keine Haftung f\u00fcr die Inhalte, die Gestaltung und die Auswirkung dieser externen Links. F\u00fcr den Inhalt von verlinkten Seiten sind ausschlie\u00dflich deren Betreiber verantwortlich.<\/p>\n<p><strong>Google Webfonts<\/strong><br \/>\nUm Inhalte korrekt darzustellen verwenden wir Schriftbibliotheken wie Google Webfonts. Der Aufruf der Schriftbibliotheken l\u00f6st Verbindung zum Betreiber der Bibliothek aus. Die Datenschutzrichtlinie des Bibliothekbetreibers Google finden Sie unter https:\/\/www.google.com\/policies\/privacy\/<\/p>\n<p><strong>\u00c4nderung unserer Datenschutzerkl\u00e4rung<\/strong><br \/>\nUm zu gew\u00e4hrleisten, dass unsere Datenschutzerkl\u00e4rung stets den aktuellen gesetzlichen Vorgaben entspricht, behalten wir uns jederzeit \u00c4nderungen vor. Das gilt auch f\u00fcr den Fall, dass die Datenschutzerkl\u00e4rung aufgrund neuer oder \u00fcberarbeiteter Leistungen angepasst werden muss. Die neue Datenschutzerkl\u00e4rung greift dann bei Ihrem n\u00e4chsten Besuch auf unserem Angebot.<\/p>\n<\/div>\n<p>[\/et_pb_text][\/et_pb_column][\/et_pb_row][\/et_pb_section]<\/p>\n","protected":false},"excerpt":{"rendered":"<p><div class=\"et_pb_row et_pb_row_0 et_pb_row_empty\">\n\t\t\t\t\n\t\t\t\t\n\t\t\t\t\n\t\t\t\t\n\t\t\t\t\n\t\t\t<\/div> Datenschutz Geltungsbereich Nutzer erhalten mit dieser Datenschutzerkl\u00e4rung Informationen \u00fcber die Art, den Umfang und Zweck der Erhebung und Verwendung ihrer Daten auf dieser Website. Den rechtlichen Rahmen f\u00fcr den Datenschutz bilden das Bundesdatenschutzgesetz (BDSG) und das Telemediengesetz (TMG). Der Websitebetreiber nimmt Ihren Datenschutz sehr ernst und behandelt personenbezogenen Daten vertraulich und entsprechend der gesetzlichen [&hellip;]<\/p>\n","protected":false},"author":4,"featured_media":0,"parent":0,"menu_order":0,"comment_status":"closed","ping_status":"closed","template":"","meta":{"_et_pb_use_builder":"on","_et_pb_old_content":"<div class=\"entry-content\"><p><strong>Geltungsbereich<\/strong><br \/> Nutzer erhalten mit dieser Datenschutzerkl\u00e4rung Informationen \u00fcber die Art, den Umfang und Zweck der Erhebung und Verwendung ihrer Daten auf dieser Website.<br \/> Den rechtlichen Rahmen f\u00fcr den Datenschutz bilden das Bundesdatenschutzgesetz (BDSG) und das Telemediengesetz (TMG). Der Websitebetreiber nimmt Ihren Datenschutz sehr ernst und behandelt personenbezogenen Daten vertraulich und entsprechend der gesetzlichen Vorschriften. Bedenken Sie, dass die Daten\u00fcbertragung im Internet grunds\u00e4tzlich mit Sicherheitsl\u00fccken behaftet sein kann. Ein vollumf\u00e4nglicher Schutz vor dem Zugriff durch Fremde ist nicht realisierbar.<\/p><p><strong>Erfassung allgemeiner Informationen<\/strong><br \/> Mit jedem Zugriff auf dieses Angebot werden durch uns bzw. den Webspace-Provider automatisch Informationen erfasst. Diese Informationen, auch als Server-Logfiles bezeichnet, sind allgemeiner Natur und erlauben keine R\u00fcckschl\u00fcsse auf Ihre Person.<br \/> Erfasst werden unter anderem: Name der Webseite, Datei, Datum, Datenmenge, Webbrowser und Webbrowser-Version, Betriebssystem, der Domainname Ihres Internet-Providers, die sogenannte Referrer-URL (jene Seite, von der aus Sie auf unser Angebot zugegriffen haben) und die IP-Adresse.<br \/> Ohne diese Daten w\u00e4re es technisch teils nicht m\u00f6glich, die Inhalte der Webseite auszuliefern und darzustellen. Insofern ist die Erfassung der Daten zwingend notwendig. Dar\u00fcber hinaus verwenden wir die anonymen Informationen f\u00fcr statistische Zwecke. Sie helfen uns bei der Optimierung des Angebots und der Technik. Wir behalten uns zudem das Recht vor, die Log-Files bei Verdacht auf eine rechtswidrige Nutzung unseres Angebotes nachtr\u00e4glich zu kontrollieren.<\/p><p>Die Nutzung unserer Webseite ist in der Regel ohne Angabe personenbezogener Daten m\u00f6glich. Soweit auf unseren Seiten personenbezogene Daten (z.B. Name, E-Mail-Adresse) erhoben werden, erfolgt dies, soweit m\u00f6glich, stets auf freiwilliger Basis. Diese Daten werden ohne Ihre ausdr\u00fcckliche Zustimmung nicht an Dritte weitergegeben. Wir weisen darauf hin, dass die Daten\u00fcbertragung im Internet (z.B. per E-Mail, Kontaktformular) Sicherheitsl\u00fccken aufweisen kann. Ein komplett l\u00fcckenloser Schutz der Daten vor dem Zugriff durch Dritte ist somit nicht m\u00f6glich.<\/p><p><strong>Kontaktformular, E-Mail<\/strong><br \/> Wenn Sie uns \u00fcber das Online-Kontaktformular oder per E-Mail kontaktieren, speichern wir die von Ihnen freiwillig gemachten Angaben nur, um Ihre Anfrage beantworten und m\u00f6glichen Folgeschriftverkehr f\u00fchren zu k\u00f6nnen.<\/p><p><strong>Datensparsamkeit<\/strong><br \/> Personenbezogene Daten speichern wir gem\u00e4\u00df den Grunds\u00e4tzen der Datenvermeidung und Datensparsamkeit nur so lange, wie es erforderlich ist oder vom Gesetzgeber her vorgeschrieben wird (gesetzliche Speicherfrist). Entf\u00e4llt der Zweck der erhobenen Informationen oder endet die Speicherfrist, sperren oder l\u00f6schen wir die Daten.<\/p><p><strong>Ihre Rechte auf Auskunft, Berichtigung, Sperre, L\u00f6schung und Widerspruch<\/strong><br \/> Sie haben das Recht, auf Antrag unentgeltlich eine Auskunft, \u00fcber die bei uns gespeicherten personenbezogenen Daten, anzufordern und\/oder eine Berichtigung, Sperrung oder L\u00f6schung zu verlangen. Ausnahmen: Es handelt sich um die vorgeschriebene Datenspeicherung zur Gesch\u00e4ftsabwicklung oder die Daten unterliegen der gesetzlichen Aufbewahrungspflicht.<br \/> F\u00fcr diese Zwecke kontaktieren Sie uns bitte \u00fcber unser Kontaktformular.<br \/> Um eine Datensperre jederzeit ber\u00fccksichtigen zu k\u00f6nnen, ist es erforderlich, die Daten f\u00fcr Kontrollzwecke in einer Sperrdatei vorzuhalten. Besteht keine gesetzliche Archivierungspflicht, k\u00f6nnen Sie auch die L\u00f6schung der Daten verlangen. Anderenfalls sperren wir die Daten, sofern Sie dies w\u00fcnschen<strong>.<\/strong><\/p><p><strong>Links zu anderen Websites<\/strong><br \/> Unsere Internetseite kann externe Links zu anderen Websites enthalten. Wir haben keinen Einfluss darauf, ob diese Websites die Datenschutzbestimmungen einhalten. Wir \u00fcbernehmen keine Haftung f\u00fcr die Inhalte, die Gestaltung und die Auswirkung dieser externen Links. F\u00fcr den Inhalt von verlinkten Seiten sind ausschlie\u00dflich deren Betreiber verantwortlich.<\/p><p><strong>\u00c4nderung unserer Datenschutzerkl\u00e4rung<\/strong><br \/> Um zu gew\u00e4hrleisten, dass unsere Datenschutzerkl\u00e4rung stets den aktuellen gesetzlichen Vorgaben entspricht, behalten wir uns jederzeit \u00c4nderungen vor. Das gilt auch f\u00fcr den Fall, dass die Datenschutzerkl\u00e4rung aufgrund neuer oder \u00fcberarbeiteter Leistungen, zum Beispiel neuer Serviceleistungen, angepasst werden muss. Die neue Datenschutzerkl\u00e4rung greift dann bei Ihrem n\u00e4chsten Besuch auf unserem Angebot.<\/p><\/div>","_et_gb_content_width":"","footnotes":""},"class_list":["post-665","page","type-page","status-publish","hentry"],"_links":{"self":[{"href":"https:\/\/www.chrandies.de\/tc\/wp-json\/wp\/v2\/pages\/665","targetHints":{"allow":["GET"]}}],"collection":[{"href":"https:\/\/www.chrandies.de\/tc\/wp-json\/wp\/v2\/pages"}],"about":[{"href":"https:\/\/www.chrandies.de\/tc\/wp-json\/wp\/v2\/types\/page"}],"author":[{"embeddable":true,"href":"https:\/\/www.chrandies.de\/tc\/wp-json\/wp\/v2\/users\/4"}],"replies":[{"embeddable":true,"href":"https:\/\/www.chrandies.de\/tc\/wp-json\/wp\/v2\/comments?post=665"}],"version-history":[{"count":11,"href":"https:\/\/www.chrandies.de\/tc\/wp-json\/wp\/v2\/pages\/665\/revisions"}],"predecessor-version":[{"id":703,"href":"https:\/\/www.chrandies.de\/tc\/wp-json\/wp\/v2\/pages\/665\/revisions\/703"}],"wp:attachment":[{"href":"https:\/\/www.chrandies.de\/tc\/wp-json\/wp\/v2\/media?parent=665"}],"curies":[{"name":"wp","href":"https:\/\/api.w.org\/{rel}","templated":true}]}}