{"id":148,"date":"2016-04-03T22:57:55","date_gmt":"2016-04-03T20:57:55","guid":{"rendered":"http:\/\/www.chrandies.de\/tc\/?page_id=148"},"modified":"2018-05-06T21:22:55","modified_gmt":"2018-05-06T19:22:55","slug":"impressum","status":"publish","type":"page","link":"https:\/\/www.chrandies.de\/tc\/impressum\/","title":{"rendered":"Impressum"},"content":{"rendered":"<p>[et_pb_section transparent_background=&#8220;off&#8220; allow_player_pause=&#8220;off&#8220; inner_shadow=&#8220;off&#8220; parallax=&#8220;off&#8220; parallax_method=&#8220;on&#8220; make_fullwidth=&#8220;off&#8220; use_custom_width=&#8220;off&#8220; width_unit=&#8220;off&#8220; custom_width_px=&#8220;1080px&#8220; custom_width_percent=&#8220;80%&#8220; make_equal=&#8220;off&#8220; use_custom_gutter=&#8220;off&#8220; fullwidth=&#8220;off&#8220; specialty=&#8220;off&#8220; admin_label=&#8220;section&#8220; disabled=&#8220;off&#8220;][et_pb_row make_fullwidth=&#8220;off&#8220; use_custom_width=&#8220;off&#8220; width_unit=&#8220;off&#8220; custom_width_px=&#8220;1080px&#8220; custom_width_percent=&#8220;80%&#8220; use_custom_gutter=&#8220;off&#8220; gutter_width=&#8220;3&#8243; allow_player_pause=&#8220;off&#8220; parallax=&#8220;off&#8220; parallax_method=&#8220;on&#8220; make_equal=&#8220;off&#8220; parallax_1=&#8220;off&#8220; parallax_method_1=&#8220;on&#8220; parallax_2=&#8220;off&#8220; parallax_method_2=&#8220;on&#8220; parallax_3=&#8220;off&#8220; parallax_method_3=&#8220;on&#8220; parallax_4=&#8220;off&#8220; parallax_method_4=&#8220;on&#8220; admin_label=&#8220;row&#8220; disabled=&#8220;off&#8220;][et_pb_column type=&#8220;4_4&#8243; disabled=&#8220;off&#8220; parallax=&#8220;off&#8220; parallax_method=&#8220;on&#8220;][et_pb_text background_layout=&#8220;light&#8220; text_orientation=&#8220;left&#8220; admin_label=&#8220;Impressum&#8220; text_line_height=&#8220;1.5em&#8220; use_border_color=&#8220;off&#8220; border_style=&#8220;solid&#8220; disabled=&#8220;off&#8220;]<\/p>\n<h1>Impressum<\/h1>\n<h3>Verfasser &amp; Herausgeber:<\/h3>\n<p>THE CHRANDIES<br \/>\nLeutstettener Str.27<br \/>\n81477 M\u00fcnchen<br \/>\nInternet: <a href=\"https:\/\/www.chrandies.de\" target=\"_blank\" rel=\"noopener noreferrer\">www.chrandies.de<\/a><br \/>\nKontakt: <a href=\"https:\/\/www.chrandies.de\/tc\/#kontakt\">Kontaktformular<\/a><\/p>\n<h3>Kontakt Band:<\/h3>\n<p>Wer \u00fcber uns noch weitere Informationen braucht, oder uns etwas mitteilen m\u00f6chte kann eine Mail schreiben. Dazu unser <a href=\"https:\/\/www.chrandies.de\/tc\/#kontakt\">Kontaktformular<\/a> ausf\u00fcllen.<\/p>\n<h3>Kontakt Homepage:<\/h3>\n<p>Wer Anregungen, W\u00fcnsche, Kritik oder Sonstwas in Sachen CHRANDIES-Homepage hat kann uns diese gerne mitteilen. Wir freuen uns \u00fcber jede diesbez\u00fcgliche Mail. Hierzu auch unser <a href=\"https:\/\/www.chrandies.de\/tc\/#kontakt\">Kontaktformular<\/a> nutzen.<\/p>\n<h3>Hinweis:<\/h3>\n<p>Wir m\u00f6chten ausdr\u00fccklich betonen, da\u00df wir keinerlei Einflu\u00df auf die Gestaltung, die Inhalte und die Auswirkungen der Seiten in unserer Linksammlung haben. Auch f\u00fcr die Kommentare im G\u00e4stebuch sowie dem Forum tragen wir keine Verantwortung, da diese von Besuchern hineingestellt werden k\u00f6nnen. Wir \u00fcbernehmen keine Haftung f\u00fcr die Inhalte externer Links. F\u00fcr den Inhalt der verlinkten Seiten sind ausschlie\u00dflich deren Betreiber verantwortlich.<br \/>\nAlle Angaben und Inhalte der CHRANDIES-Homepage wurden sorgf\u00e4ltig gepr\u00fcft und entsprechen dem aktuellen Stand. Trotz aller Sorgfalt kann eine Haftung oder Garantie f\u00fcr die Vollst\u00e4ndigkeit, Richtigkeit und Aktualit\u00e4t der Angaben nicht \u00fcbernommen werden.<\/p>\n<h3>Copyright:<\/h3>\n<p>Alle Rechte an den Inhalten dieser Seiten sind dem Verfasser vorbehalten. Kein Teil dieses Werkes darf ohne Einwilligung des Verfassers in irgendeiner Form verarbeitet, vervielf\u00e4ltigt oder verbreitet werden.<br \/>\nBitte nicht sofort klagen wenn ein Link, ein Bild, eine Textstelle oder eine Datei anderswo gesch\u00fctzt sein sollte. F\u00e4llt Ihnen diesbez\u00fcglich etwas auf, dann sind Sie doch so nett und schicken eine Email an uns in der Sie auf den Sachverhalt hinweisen. Vielen Dank! Sollten fremde Rechte bestehen, werden diese Inhalte unverz\u00fcglich entfernt. Weitergehende Anspr\u00fcche sind ausdr\u00fccklich ausgeschlossen<a href=\"https:\/\/www.chrandies.de\/tc\/wp-login.php\" target=\"_blank\" rel=\"noopener noreferrer\">.<\/a><\/p>\n<h3>Konzeption &amp; Design:<\/h3>\n<p>The R2-P2 Team<\/p>\n<p>[\/et_pb_text][\/et_pb_column][\/et_pb_row][\/et_pb_section]<\/p>\n","protected":false},"excerpt":{"rendered":"<p>Impressum Verfasser &amp; Herausgeber: THE CHRANDIES Leutstettener Str.27 81477 M\u00fcnchen Internet: www.chrandies.de Kontakt: Kontaktformular Kontakt Band: Wer \u00fcber uns noch weitere Informationen braucht, oder uns etwas mitteilen m\u00f6chte kann eine Mail schreiben. Dazu unser Kontaktformular ausf\u00fcllen. Kontakt Homepage: Wer Anregungen, W\u00fcnsche, Kritik oder Sonstwas in Sachen CHRANDIES-Homepage hat kann uns diese gerne mitteilen. Wir freuen [&hellip;]<\/p>\n","protected":false},"author":3,"featured_media":0,"parent":0,"menu_order":0,"comment_status":"closed","ping_status":"closed","template":"","meta":{"_et_pb_use_builder":"on","_et_pb_old_content":"","_et_gb_content_width":"","footnotes":""},"class_list":["post-148","page","type-page","status-publish","hentry"],"_links":{"self":[{"href":"https:\/\/www.chrandies.de\/tc\/wp-json\/wp\/v2\/pages\/148","targetHints":{"allow":["GET"]}}],"collection":[{"href":"https:\/\/www.chrandies.de\/tc\/wp-json\/wp\/v2\/pages"}],"about":[{"href":"https:\/\/www.chrandies.de\/tc\/wp-json\/wp\/v2\/types\/page"}],"author":[{"embeddable":true,"href":"https:\/\/www.chrandies.de\/tc\/wp-json\/wp\/v2\/users\/3"}],"replies":[{"embeddable":true,"href":"https:\/\/www.chrandies.de\/tc\/wp-json\/wp\/v2\/comments?post=148"}],"version-history":[{"count":23,"href":"https:\/\/www.chrandies.de\/tc\/wp-json\/wp\/v2\/pages\/148\/revisions"}],"predecessor-version":[{"id":582,"href":"https:\/\/www.chrandies.de\/tc\/wp-json\/wp\/v2\/pages\/148\/revisions\/582"}],"wp:attachment":[{"href":"https:\/\/www.chrandies.de\/tc\/wp-json\/wp\/v2\/media?parent=148"}],"curies":[{"name":"wp","href":"https:\/\/api.w.org\/{rel}","templated":true}]}}